{"id":20476,"date":"2025-09-11T10:37:31","date_gmt":"2025-09-11T08:37:31","guid":{"rendered":"https:\/\/projet.helpfrontaliers.ch\/?page_id=20476"},"modified":"2025-11-14T14:50:08","modified_gmt":"2025-11-14T13:50:08","slug":"politique-de-confidentialite","status":"publish","type":"page","link":"https:\/\/helpfrontaliers.ch\/en\/politique-de-confidentialite\/","title":{"rendered":"Privacy policy"},"content":{"rendered":"<div data-elementor-type=\"wp-page\" data-elementor-id=\"20476\" class=\"elementor elementor-20476\">\n\t\t\t\t<div class=\"elementor-element elementor-element-ee32102 e-flex e-con-boxed e-con e-parent\" data-id=\"ee32102\" data-element_type=\"container\" data-e-type=\"container\">\n\t\t\t\t\t<div class=\"e-con-inner\">\n\t\t\t\t<div class=\"elementor-element elementor-element-2a8d1ec3 elementor-widget elementor-widget-heading\" data-id=\"2a8d1ec3\" data-element_type=\"widget\" data-e-type=\"widget\" data-widget_type=\"heading.default\">\n\t\t\t\t<div class=\"elementor-widget-container\">\n\t\t\t\t\t<h2 class=\"elementor-heading-title elementor-size-default\">I -  Introduction<\/h2>\t\t\t\t<\/div>\n\t\t\t\t<\/div>\n\t\t\t\t<div class=\"elementor-element-custom_font_family elementor-element elementor-element-6710a8f3 elementor-widget elementor-widget-text-editor\" data-id=\"6710a8f3\" data-element_type=\"widget\" data-e-type=\"widget\" data-widget_type=\"text-editor.default\">\n\t\t\t\t<div class=\"elementor-widget-container\">\n\t\t\t\t\t\t\t\t\t<p><span>La protection de vos donn\u00e9es personnelles est une priorit\u00e9.<br \/>La pr\u00e9sente politique de confidentialit\u00e9 explique quelles donn\u00e9es sont collect\u00e9es lorsque vous utilisez ce site internet, comment elles sont trait\u00e9es et quels sont vos droits en vertu de la <strong>Loi f\u00e9d\u00e9rale sur la protection des donn\u00e9es (nLPD)<\/strong>.<\/span><\/p>\t\t\t\t\t\t\t\t<\/div>\n\t\t\t\t<\/div>\n\t\t\t\t\t<\/div>\n\t\t\t\t<\/div>\n\t\t<div class=\"elementor-element elementor-element-2e7a2a7 e-flex e-con-boxed e-con e-parent\" data-id=\"2e7a2a7\" data-element_type=\"container\" data-e-type=\"container\">\n\t\t\t\t\t<div class=\"e-con-inner\">\n\t\t\t\t<div class=\"elementor-element elementor-element-421aec8 elementor-widget elementor-widget-spacer\" data-id=\"421aec8\" data-element_type=\"widget\" data-e-type=\"widget\" data-widget_type=\"spacer.default\">\n\t\t\t\t<div class=\"elementor-widget-container\">\n\t\t\t\t\t\t\t<div class=\"elementor-spacer\">\n\t\t\t<div class=\"elementor-spacer-inner\"><\/div>\n\t\t<\/div>\n\t\t\t\t\t\t<\/div>\n\t\t\t\t<\/div>\n\t\t\t\t\t<\/div>\n\t\t\t\t<\/div>\n\t\t<div class=\"elementor-element elementor-element-3edf584 e-flex e-con-boxed e-con e-parent\" data-id=\"3edf584\" data-element_type=\"container\" data-e-type=\"container\">\n\t\t\t\t\t<div class=\"e-con-inner\">\n\t\t\t\t<div class=\"elementor-element elementor-element-6294bae elementor-widget elementor-widget-heading\" data-id=\"6294bae\" data-element_type=\"widget\" data-e-type=\"widget\" data-widget_type=\"heading.default\">\n\t\t\t\t<div class=\"elementor-widget-container\">\n\t\t\t\t\t<h2 class=\"elementor-heading-title elementor-size-default\">II - Responsable du traitement<\/h2>\t\t\t\t<\/div>\n\t\t\t\t<\/div>\n\t\t\t\t<div class=\"elementor-element-custom_font_family elementor-element elementor-element-127c129 elementor-widget elementor-widget-text-editor\" data-id=\"127c129\" data-element_type=\"widget\" data-e-type=\"widget\" data-widget_type=\"text-editor.default\">\n\t\t\t\t<div class=\"elementor-widget-container\">\n\t\t\t\t\t\t\t\t\t<p>\u00c9diteur du site :<br \/>Maxime BERGERET &amp; Thomas ROLAND pour Help Frontaliers<strong><br \/><\/strong>Adresse : Boulevard James Fazy 6, 1201 Gen\u00e8ve<br \/>E-mail : contact@helpfrontaliers.ch<\/p>\t\t\t\t\t\t\t\t<\/div>\n\t\t\t\t<\/div>\n\t\t\t\t\t<\/div>\n\t\t\t\t<\/div>\n\t\t<div class=\"elementor-element elementor-element-5886032 e-flex e-con-boxed e-con e-parent\" data-id=\"5886032\" data-element_type=\"container\" data-e-type=\"container\">\n\t\t\t\t\t<div class=\"e-con-inner\">\n\t\t\t\t<div class=\"elementor-element elementor-element-35e492c elementor-widget elementor-widget-spacer\" data-id=\"35e492c\" data-element_type=\"widget\" data-e-type=\"widget\" data-widget_type=\"spacer.default\">\n\t\t\t\t<div class=\"elementor-widget-container\">\n\t\t\t\t\t\t\t<div class=\"elementor-spacer\">\n\t\t\t<div class=\"elementor-spacer-inner\"><\/div>\n\t\t<\/div>\n\t\t\t\t\t\t<\/div>\n\t\t\t\t<\/div>\n\t\t\t\t\t<\/div>\n\t\t\t\t<\/div>\n\t\t<div class=\"elementor-element elementor-element-82f5b00 e-flex e-con-boxed e-con e-parent\" data-id=\"82f5b00\" data-element_type=\"container\" data-e-type=\"container\">\n\t\t\t\t\t<div class=\"e-con-inner\">\n\t\t\t\t<div class=\"elementor-element elementor-element-80a6ba1 elementor-widget elementor-widget-heading\" data-id=\"80a6ba1\" data-element_type=\"widget\" data-e-type=\"widget\" data-widget_type=\"heading.default\">\n\t\t\t\t<div class=\"elementor-widget-container\">\n\t\t\t\t\t<h2 class=\"elementor-heading-title elementor-size-default\">III - Donn\u00e9es collect\u00e9es<\/h2>\t\t\t\t<\/div>\n\t\t\t\t<\/div>\n\t\t\t\t<div class=\"elementor-element-custom_font_family elementor-element elementor-element-f1387fe elementor-widget elementor-widget-text-editor\" data-id=\"f1387fe\" data-element_type=\"widget\" data-e-type=\"widget\" data-widget_type=\"text-editor.default\">\n\t\t\t\t<div class=\"elementor-widget-container\">\n\t\t\t\t\t\t\t\t\t<p><span>Lors de votre utilisation du site, nous pouvons collecter :<\/span><\/p><ul><li><span> <\/span><strong><span>Donn\u00e9es techniques<\/span><\/strong><span> : adresse IP, type de navigateur, pages consult\u00e9es, dur\u00e9e de visite (via outils d\u2019analyse comme Google Analytics ou \u00e9quivalents).<br \/><\/span><\/li><li><span> <\/span><strong><span>Donn\u00e9es fournies volontairement<\/span><\/strong><span> : adresse e-mail, nom, message lors d\u2019un contact ou inscription \u00e0 une newsletter.<br \/><\/span><\/li><li><strong>Cookies<\/strong> : fichiers enregistr\u00e9s sur votre appareil pour am\u00e9liorer l\u2019exp\u00e9rience utilisateur et analyser la fr\u00e9quentation.<\/li><\/ul>\t\t\t\t\t\t\t\t<\/div>\n\t\t\t\t<\/div>\n\t\t\t\t\t<\/div>\n\t\t\t\t<\/div>\n\t\t<div class=\"elementor-element elementor-element-ee0a964 e-flex e-con-boxed e-con e-parent\" data-id=\"ee0a964\" data-element_type=\"container\" data-e-type=\"container\">\n\t\t\t\t\t<div class=\"e-con-inner\">\n\t\t\t\t<div class=\"elementor-element elementor-element-8f7e1ac elementor-widget elementor-widget-spacer\" data-id=\"8f7e1ac\" data-element_type=\"widget\" data-e-type=\"widget\" data-widget_type=\"spacer.default\">\n\t\t\t\t<div class=\"elementor-widget-container\">\n\t\t\t\t\t\t\t<div class=\"elementor-spacer\">\n\t\t\t<div class=\"elementor-spacer-inner\"><\/div>\n\t\t<\/div>\n\t\t\t\t\t\t<\/div>\n\t\t\t\t<\/div>\n\t\t\t\t\t<\/div>\n\t\t\t\t<\/div>\n\t\t<div class=\"elementor-element elementor-element-a4c176b e-flex e-con-boxed e-con e-parent\" data-id=\"a4c176b\" data-element_type=\"container\" data-e-type=\"container\">\n\t\t\t\t\t<div class=\"e-con-inner\">\n\t\t\t\t<div class=\"elementor-element elementor-element-38cafcc elementor-widget elementor-widget-heading\" data-id=\"38cafcc\" data-element_type=\"widget\" data-e-type=\"widget\" data-widget_type=\"heading.default\">\n\t\t\t\t<div class=\"elementor-widget-container\">\n\t\t\t\t\t<h2 class=\"elementor-heading-title elementor-size-default\">IV - Utilisation des donn\u00e9es<\/h2>\t\t\t\t<\/div>\n\t\t\t\t<\/div>\n\t\t\t\t<div class=\"elementor-element-custom_font_family elementor-element elementor-element-813b8a3 elementor-widget elementor-widget-text-editor\" data-id=\"813b8a3\" data-element_type=\"widget\" data-e-type=\"widget\" data-widget_type=\"text-editor.default\">\n\t\t\t\t<div class=\"elementor-widget-container\">\n\t\t\t\t\t\t\t\t\t<p><span>Les donn\u00e9es sont utilis\u00e9es uniquement pour :<\/span><\/p><ul><li><span> <\/span><span>assurer le bon fonctionnement du site et am\u00e9liorer son contenu,<br \/><\/span><\/li><li><span> <\/span><span>r\u00e9pondre \u00e0 vos demandes via le formulaire de contact,<br \/><\/span><\/li><li><span> <\/span><span>envoyer une newsletter (si vous vous y \u00eates inscrit),<br \/><\/span><\/li><li>mesurer l\u2019efficacit\u00e9 des liens d\u2019affiliation et partenariats commerciaux.<\/li><\/ul>\t\t\t\t\t\t\t\t<\/div>\n\t\t\t\t<\/div>\n\t\t\t\t\t<\/div>\n\t\t\t\t<\/div>\n\t\t<div class=\"elementor-element elementor-element-26b8665 e-flex e-con-boxed e-con e-parent\" data-id=\"26b8665\" data-element_type=\"container\" data-e-type=\"container\">\n\t\t\t\t\t<div class=\"e-con-inner\">\n\t\t\t\t<div class=\"elementor-element elementor-element-00c821f elementor-widget elementor-widget-spacer\" data-id=\"00c821f\" data-element_type=\"widget\" data-e-type=\"widget\" data-widget_type=\"spacer.default\">\n\t\t\t\t<div class=\"elementor-widget-container\">\n\t\t\t\t\t\t\t<div class=\"elementor-spacer\">\n\t\t\t<div class=\"elementor-spacer-inner\"><\/div>\n\t\t<\/div>\n\t\t\t\t\t\t<\/div>\n\t\t\t\t<\/div>\n\t\t\t\t\t<\/div>\n\t\t\t\t<\/div>\n\t\t<div class=\"elementor-element elementor-element-00bfd2b e-flex e-con-boxed e-con e-parent\" data-id=\"00bfd2b\" data-element_type=\"container\" data-e-type=\"container\">\n\t\t\t\t\t<div class=\"e-con-inner\">\n\t\t\t\t<div class=\"elementor-element elementor-element-e3508f6 elementor-widget elementor-widget-heading\" data-id=\"e3508f6\" data-element_type=\"widget\" data-e-type=\"widget\" data-widget_type=\"heading.default\">\n\t\t\t\t<div class=\"elementor-widget-container\">\n\t\t\t\t\t<h2 class=\"elementor-heading-title elementor-size-default\">V - Transmission \u00e0 des tiers<\/h2>\t\t\t\t<\/div>\n\t\t\t\t<\/div>\n\t\t\t\t<div class=\"elementor-element-custom_font_family elementor-element elementor-element-42a0094 elementor-widget elementor-widget-text-editor\" data-id=\"42a0094\" data-element_type=\"widget\" data-e-type=\"widget\" data-widget_type=\"text-editor.default\">\n\t\t\t\t<div class=\"elementor-widget-container\">\n\t\t\t\t\t\t\t\t\t<p><span>Vos donn\u00e9es personnelles ne sont jamais vendues.<br \/>Elles peuvent \u00eatre transmises uniquement :<\/span><\/p><ul><li><span> <\/span><span>\u00e0 des prestataires techniques (h\u00e9bergeur, outil d\u2019e-mailing),<\/span><\/li><li><span> <\/span><span>\u00e0 des prestataires partenaires sur demande de contact dans le domaine explicitement sp\u00e9cifi\u00e9<\/span><\/li><li><span> <\/span><span>aux programmes d\u2019affiliation (ex. Amazon, partenaires commerciaux) pour le suivi des commissions.<br \/>\u00a0 \u00a0 \u00a0Ces partenaires traitent les donn\u00e9es conform\u00e9ment \u00e0 leurs propres politiques de confidentialit\u00e9.<br \/><br \/><\/span><\/li><\/ul>\t\t\t\t\t\t\t\t<\/div>\n\t\t\t\t<\/div>\n\t\t\t\t\t<\/div>\n\t\t\t\t<\/div>\n\t\t<div class=\"elementor-element elementor-element-6143cc8 e-flex e-con-boxed e-con e-parent\" data-id=\"6143cc8\" data-element_type=\"container\" data-e-type=\"container\">\n\t\t\t\t\t<div class=\"e-con-inner\">\n\t\t\t\t<div class=\"elementor-element elementor-element-0bd9b9e elementor-widget elementor-widget-spacer\" data-id=\"0bd9b9e\" data-element_type=\"widget\" data-e-type=\"widget\" data-widget_type=\"spacer.default\">\n\t\t\t\t<div class=\"elementor-widget-container\">\n\t\t\t\t\t\t\t<div class=\"elementor-spacer\">\n\t\t\t<div class=\"elementor-spacer-inner\"><\/div>\n\t\t<\/div>\n\t\t\t\t\t\t<\/div>\n\t\t\t\t<\/div>\n\t\t\t\t\t<\/div>\n\t\t\t\t<\/div>\n\t\t<div class=\"elementor-element elementor-element-27df1a7 e-flex e-con-boxed e-con e-parent\" data-id=\"27df1a7\" data-element_type=\"container\" data-e-type=\"container\">\n\t\t\t\t\t<div class=\"e-con-inner\">\n\t\t\t\t<div class=\"elementor-element elementor-element-ef1cb05 elementor-widget elementor-widget-heading\" data-id=\"ef1cb05\" data-element_type=\"widget\" data-e-type=\"widget\" data-widget_type=\"heading.default\">\n\t\t\t\t<div class=\"elementor-widget-container\">\n\t\t\t\t\t<h2 class=\"elementor-heading-title elementor-size-default\">VI - Dur\u00e9e de conservation<\/h2>\t\t\t\t<\/div>\n\t\t\t\t<\/div>\n\t\t\t\t<div class=\"elementor-element-custom_font_family elementor-element elementor-element-3a2ee5e elementor-widget elementor-widget-text-editor\" data-id=\"3a2ee5e\" data-element_type=\"widget\" data-e-type=\"widget\" data-widget_type=\"text-editor.default\">\n\t\t\t\t<div class=\"elementor-widget-container\">\n\t\t\t\t\t\t\t\t\t<p><span>Les donn\u00e9es sont conserv\u00e9es uniquement le temps n\u00e9cessaire pour atteindre les objectifs d\u00e9crits ci-dessus ou selon les exigences l\u00e9gales.<\/span><\/p>\t\t\t\t\t\t\t\t<\/div>\n\t\t\t\t<\/div>\n\t\t\t\t\t<\/div>\n\t\t\t\t<\/div>\n\t\t<div class=\"elementor-element elementor-element-87791bb e-flex e-con-boxed e-con e-parent\" data-id=\"87791bb\" data-element_type=\"container\" data-e-type=\"container\">\n\t\t\t\t\t<div class=\"e-con-inner\">\n\t\t\t\t<div class=\"elementor-element elementor-element-c47cfcd elementor-widget elementor-widget-spacer\" data-id=\"c47cfcd\" data-element_type=\"widget\" data-e-type=\"widget\" data-widget_type=\"spacer.default\">\n\t\t\t\t<div class=\"elementor-widget-container\">\n\t\t\t\t\t\t\t<div class=\"elementor-spacer\">\n\t\t\t<div class=\"elementor-spacer-inner\"><\/div>\n\t\t<\/div>\n\t\t\t\t\t\t<\/div>\n\t\t\t\t<\/div>\n\t\t\t\t\t<\/div>\n\t\t\t\t<\/div>\n\t\t<div class=\"elementor-element elementor-element-49af6ed e-flex e-con-boxed e-con e-parent\" data-id=\"49af6ed\" data-element_type=\"container\" data-e-type=\"container\">\n\t\t\t\t\t<div class=\"e-con-inner\">\n\t\t\t\t<div class=\"elementor-element elementor-element-89641fe elementor-widget elementor-widget-heading\" data-id=\"89641fe\" data-element_type=\"widget\" data-e-type=\"widget\" data-widget_type=\"heading.default\">\n\t\t\t\t<div class=\"elementor-widget-container\">\n\t\t\t\t\t<h2 class=\"elementor-heading-title elementor-size-default\">VII - S\u00e9curit\u00e9 des donn\u00e9es<\/h2>\t\t\t\t<\/div>\n\t\t\t\t<\/div>\n\t\t\t\t<div class=\"elementor-element-custom_font_family elementor-element elementor-element-714d036 elementor-widget elementor-widget-text-editor\" data-id=\"714d036\" data-element_type=\"widget\" data-e-type=\"widget\" data-widget_type=\"text-editor.default\">\n\t\t\t\t<div class=\"elementor-widget-container\">\n\t\t\t\t\t\t\t\t\t<p><span>Nous mettons en place des mesures techniques et organisationnelles raisonnables pour prot\u00e9ger vos donn\u00e9es contre la perte, l\u2019acc\u00e8s non autoris\u00e9, l\u2019abus ou la divulgation.<\/span><\/p>\t\t\t\t\t\t\t\t<\/div>\n\t\t\t\t<\/div>\n\t\t\t\t\t<\/div>\n\t\t\t\t<\/div>\n\t\t<div class=\"elementor-element elementor-element-4487998 e-flex e-con-boxed e-con e-parent\" data-id=\"4487998\" data-element_type=\"container\" data-e-type=\"container\">\n\t\t\t\t\t<div class=\"e-con-inner\">\n\t\t\t\t<div class=\"elementor-element elementor-element-ff8ebf1 elementor-widget elementor-widget-spacer\" data-id=\"ff8ebf1\" data-element_type=\"widget\" data-e-type=\"widget\" data-widget_type=\"spacer.default\">\n\t\t\t\t<div class=\"elementor-widget-container\">\n\t\t\t\t\t\t\t<div class=\"elementor-spacer\">\n\t\t\t<div class=\"elementor-spacer-inner\"><\/div>\n\t\t<\/div>\n\t\t\t\t\t\t<\/div>\n\t\t\t\t<\/div>\n\t\t\t\t\t<\/div>\n\t\t\t\t<\/div>\n\t\t<div class=\"elementor-element elementor-element-b838b87 e-flex e-con-boxed e-con e-parent\" data-id=\"b838b87\" data-element_type=\"container\" data-e-type=\"container\">\n\t\t\t\t\t<div class=\"e-con-inner\">\n\t\t\t\t<div class=\"elementor-element elementor-element-971b2c7 elementor-widget elementor-widget-heading\" data-id=\"971b2c7\" data-element_type=\"widget\" data-e-type=\"widget\" data-widget_type=\"heading.default\">\n\t\t\t\t<div class=\"elementor-widget-container\">\n\t\t\t\t\t<h2 class=\"elementor-heading-title elementor-size-default\">VIII -  Vos droits<\/h2>\t\t\t\t<\/div>\n\t\t\t\t<\/div>\n\t\t\t\t<div class=\"elementor-element-custom_font_family elementor-element elementor-element-86945b5 elementor-widget elementor-widget-text-editor\" data-id=\"86945b5\" data-element_type=\"widget\" data-e-type=\"widget\" data-widget_type=\"text-editor.default\">\n\t\t\t\t<div class=\"elementor-widget-container\">\n\t\t\t\t\t\t\t\t\t<p><span>Conform\u00e9ment \u00e0 la nLPD, vous disposez des droits suivants :<\/span><\/p><ul><li><span> <\/span><span>droit d\u2019acc\u00e8s \u00e0 vos donn\u00e9es personnelles,<br \/><\/span><\/li><li><span> <\/span><span>droit de rectification en cas d\u2019erreur,<br \/><\/span><\/li><li><span> <\/span><span>droit de suppression (dans la limite des obligations l\u00e9gales),<br \/><\/span><\/li><li><span> <\/span><span>droit d\u2019opposition au traitement de vos donn\u00e9es.<br \/><\/span><\/li><\/ul><p>Pour exercer vos droits, vous pouvez \u00e9crire \u00e0 : <strong>helpfrontaliers@gmail.com<\/strong><\/p>\t\t\t\t\t\t\t\t<\/div>\n\t\t\t\t<\/div>\n\t\t\t\t\t<\/div>\n\t\t\t\t<\/div>\n\t\t<div class=\"elementor-element elementor-element-47c64f9 e-flex e-con-boxed e-con e-parent\" data-id=\"47c64f9\" data-element_type=\"container\" data-e-type=\"container\">\n\t\t\t\t\t<div class=\"e-con-inner\">\n\t\t\t\t<div class=\"elementor-element elementor-element-0a3acc8 elementor-widget elementor-widget-spacer\" data-id=\"0a3acc8\" data-element_type=\"widget\" data-e-type=\"widget\" data-widget_type=\"spacer.default\">\n\t\t\t\t<div class=\"elementor-widget-container\">\n\t\t\t\t\t\t\t<div class=\"elementor-spacer\">\n\t\t\t<div class=\"elementor-spacer-inner\"><\/div>\n\t\t<\/div>\n\t\t\t\t\t\t<\/div>\n\t\t\t\t<\/div>\n\t\t\t\t\t<\/div>\n\t\t\t\t<\/div>\n\t\t<div class=\"elementor-element elementor-element-d8c7557 e-flex e-con-boxed e-con e-parent\" data-id=\"d8c7557\" data-element_type=\"container\" data-e-type=\"container\">\n\t\t\t\t\t<div class=\"e-con-inner\">\n\t\t\t\t<div class=\"elementor-element elementor-element-cc29d2e elementor-widget elementor-widget-heading\" data-id=\"cc29d2e\" data-element_type=\"widget\" data-e-type=\"widget\" data-widget_type=\"heading.default\">\n\t\t\t\t<div class=\"elementor-widget-container\">\n\t\t\t\t\t<h2 class=\"elementor-heading-title elementor-size-default\">IX - Cookies et outils de suivi<\/h2>\t\t\t\t<\/div>\n\t\t\t\t<\/div>\n\t\t\t\t<div class=\"elementor-element-custom_font_family elementor-element elementor-element-6fbddef elementor-widget elementor-widget-text-editor\" data-id=\"6fbddef\" data-element_type=\"widget\" data-e-type=\"widget\" data-widget_type=\"text-editor.default\">\n\t\t\t\t<div class=\"elementor-widget-container\">\n\t\t\t\t\t\t\t\t\t<p>Ce site utilise des cookies et des outils d\u2019analyse (ex. Google Analytics) pour comprendre l\u2019usage du site.<br \/>Vous pouvez configurer votre navigateur pour refuser les cookies, mais certaines fonctionnalit\u00e9s du site pourraient ne pas fonctionner correctement.<\/p>\t\t\t\t\t\t\t\t<\/div>\n\t\t\t\t<\/div>\n\t\t\t\t\t<\/div>\n\t\t\t\t<\/div>\n\t\t<div class=\"elementor-element elementor-element-20232fb e-flex e-con-boxed e-con e-parent\" data-id=\"20232fb\" data-element_type=\"container\" data-e-type=\"container\">\n\t\t\t\t\t<div class=\"e-con-inner\">\n\t\t\t\t<div class=\"elementor-element elementor-element-6504839 elementor-widget elementor-widget-spacer\" data-id=\"6504839\" data-element_type=\"widget\" data-e-type=\"widget\" data-widget_type=\"spacer.default\">\n\t\t\t\t<div class=\"elementor-widget-container\">\n\t\t\t\t\t\t\t<div class=\"elementor-spacer\">\n\t\t\t<div class=\"elementor-spacer-inner\"><\/div>\n\t\t<\/div>\n\t\t\t\t\t\t<\/div>\n\t\t\t\t<\/div>\n\t\t\t\t\t<\/div>\n\t\t\t\t<\/div>\n\t\t<div class=\"elementor-element elementor-element-e7d85af e-flex e-con-boxed e-con e-parent\" data-id=\"e7d85af\" data-element_type=\"container\" data-e-type=\"container\">\n\t\t\t\t\t<div class=\"e-con-inner\">\n\t\t\t\t<div class=\"elementor-element elementor-element-bd7f131 elementor-widget elementor-widget-heading\" data-id=\"bd7f131\" data-element_type=\"widget\" data-e-type=\"widget\" data-widget_type=\"heading.default\">\n\t\t\t\t<div class=\"elementor-widget-container\">\n\t\t\t\t\t<h2 class=\"elementor-heading-title elementor-size-default\">X - Modifications<\/h2>\t\t\t\t<\/div>\n\t\t\t\t<\/div>\n\t\t\t\t<div class=\"elementor-element-custom_font_family elementor-element elementor-element-7020945 elementor-widget elementor-widget-text-editor\" data-id=\"7020945\" data-element_type=\"widget\" data-e-type=\"widget\" data-widget_type=\"text-editor.default\">\n\t\t\t\t<div class=\"elementor-widget-container\">\n\t\t\t\t\t\t\t\t\t<p><span>La pr\u00e9sente politique peut \u00eatre mise \u00e0 jour \u00e0 tout moment. La date de la derni\u00e8re mise \u00e0 jour figure en bas du document.<\/span><\/p><p><em><span>Derni\u00e8re mise \u00e0 jour : 28.08.2025<\/span><\/em><\/p>\t\t\t\t\t\t\t\t<\/div>\n\t\t\t\t<\/div>\n\t\t\t\t\t<\/div>\n\t\t\t\t<\/div>\n\t\t<div class=\"elementor-element elementor-element-64677be e-flex e-con-boxed e-con e-parent\" data-id=\"64677be\" data-element_type=\"container\" data-e-type=\"container\">\n\t\t\t\t\t<div class=\"e-con-inner\">\n\t\t\t\t<div class=\"elementor-element elementor-element-c697f2e elementor-widget elementor-widget-spacer\" data-id=\"c697f2e\" data-element_type=\"widget\" data-e-type=\"widget\" data-widget_type=\"spacer.default\">\n\t\t\t\t<div class=\"elementor-widget-container\">\n\t\t\t\t\t\t\t<div class=\"elementor-spacer\">\n\t\t\t<div class=\"elementor-spacer-inner\"><\/div>\n\t\t<\/div>\n\t\t\t\t\t\t<\/div>\n\t\t\t\t<\/div>\n\t\t\t\t\t<\/div>\n\t\t\t\t<\/div>\n\t\t\t\t<\/div>","protected":false},"excerpt":{"rendered":"<p>I &#8211; Introduction La protection de vos donn\u00e9es personnelles est une priorit\u00e9.La pr\u00e9sente politique de confidentialit\u00e9 explique quelles donn\u00e9es sont collect\u00e9es lorsque vous utilisez ce site internet, comment elles sont trait\u00e9es et quels sont vos droits en vertu de la Loi f\u00e9d\u00e9rale sur la protection des donn\u00e9es (nLPD). II &#8211; Responsable du traitement \u00c9diteur du [&hellip;]<\/p>\n","protected":false},"author":1,"featured_media":0,"parent":0,"menu_order":0,"comment_status":"closed","ping_status":"closed","template":"","meta":{"footnotes":""},"class_list":["post-20476","page","type-page","status-publish","hentry"],"_links":{"self":[{"href":"https:\/\/helpfrontaliers.ch\/en\/wp-json\/wp\/v2\/pages\/20476","targetHints":{"allow":["GET"]}}],"collection":[{"href":"https:\/\/helpfrontaliers.ch\/en\/wp-json\/wp\/v2\/pages"}],"about":[{"href":"https:\/\/helpfrontaliers.ch\/en\/wp-json\/wp\/v2\/types\/page"}],"author":[{"embeddable":true,"href":"https:\/\/helpfrontaliers.ch\/en\/wp-json\/wp\/v2\/users\/1"}],"replies":[{"embeddable":true,"href":"https:\/\/helpfrontaliers.ch\/en\/wp-json\/wp\/v2\/comments?post=20476"}],"version-history":[{"count":0,"href":"https:\/\/helpfrontaliers.ch\/en\/wp-json\/wp\/v2\/pages\/20476\/revisions"}],"wp:attachment":[{"href":"https:\/\/helpfrontaliers.ch\/en\/wp-json\/wp\/v2\/media?parent=20476"}],"curies":[{"name":"wp","href":"https:\/\/api.w.org\/{rel}","templated":true}]}}